{"id":1013,"date":"2021-08-17T13:50:21","date_gmt":"2021-08-17T16:50:21","guid":{"rendered":"https:\/\/atlanticoer-relatlantique.ca\/?page_id=1013"},"modified":"2025-11-04T10:26:38","modified_gmt":"2025-11-04T14:26:38","slug":"peer-review","status":"publish","type":"page","link":"https:\/\/atlanticoer-relatlantique.ca\/fr\/peer-review\/","title":{"rendered":"Examen par les pairs"},"content":{"rendered":"<h1>Examen par les pairs<\/h1>\n\n\n\n\n\n\n\n\n\n\n\n\n\n\n<p style=\"text-align: center;\"><strong>ACCEPTATION DES CANDIDATURES ACTUELLEMENT<\/strong><\/p><br>\n<h2>RELAtlantique: Examen par les pairs <\/h2>\n<p>Le syst\u00e8me RELAtlantique Peer Review est un outil qui permet aux \u00e9ducateurs d\u2019\u00e9tablissements postsecondaires financ\u00e9s par les fonds publics de la r\u00e9gion de l\u2019Atlantique qui cr\u00e9ent des R\u00c9L de faire examiner leurs ressources par des experts dans leur domaine.  <\/p>\n\n<p>Les examinateurs re\u00e7oivent un <a href=\"https:\/\/atlanticoer-relatlantique.ca\/wp-content\/uploads\/2025\/07\/RELAtlantique-Grille-FREN.docx\">Rubrique d'examen par les pairs des manuels ouverts d'RELAtlantic<\/a> pour faciliter leur examen. Les crit\u00e8res comprennent\u00a0: <\/p>\n<li>Int\u00e9gralit\u00e9&nbsp;<br><\/li><li>Pr\u00e9cision du contenu<br><\/li><li>Pertinence\/long\u00e9vit\u00e9<br><\/li><li>Coh\u00e9rence<br><\/li><li>Modularit\u00e9<br><\/li><li>Organisation\/Structure\/Flux<br><\/li><li>Interface<br><\/li><li>Erreurs de grammaire\/orthographe<br><\/li><li>Accessibilit\u00e9, diversit\u00e9 et inclusion<br><\/li><li>Recommandation globale<br><\/li><p><\/p><p><br><\/p>\n<h2> Qui peut \u00eatre un pair-examinateur? <\/h2>\n<p>Toute personne employ\u00e9e par un \u00e9tablissement d\u2019enseignement postsecondaire qui a une exp\u00e9rience r\u00e9cente de l\u2019enseignement au niveau postsecondaire dans le domaine pour une R\u00c9L particuli\u00e8re est admissible \u00e0 poser sa candidature comme pair-examinateur.  <\/p>\n<h2> Postulez pour devenir pair-examinateur<\/h2><p>Les formateurs et formatrices qui souhaitent examiner des manuels en libre acc\u00e8s peuvent pr\u00e9senter une demande au moyen du formulaire ci-dessus. Afin d\u2019encourager la diversit\u00e9 des voix, les examens sont actuellement limit\u00e9s \u00e0 deux par personne. La priorit\u00e9 sera accord\u00e9e aux livres comportant deux examens ou moins. \n\nUne fois que vous aurez \u00e9t\u00e9 accept\u00e9 comme examinateur, vous passerez en revue le R\u00c9L \u00e0 l\u2019aide de la grille dont le lien se trouve ci-dessus et vous soumettrez l\u2019examen \u00e0 oer@caul-cbua.ca . Les examens seront affich\u00e9s une fois qu\u2019il aura \u00e9t\u00e9 d\u00e9termin\u00e9 qu\u2019ils sont complets. Voici ce que l\u2019on attend des examinateurs et ce qu\u2019ils doivent faire\u00a0: <\/p><span><br><\/span>\n\n\nThe review will be submitted using the rubric\n\n\nThe review will be submitted within three months\n\n\nThe review will be and complete and comprehensive\n\n\nThe review will be published using the CC BY-NC-ND 4.0 license\n\n\nReviewers are encouraged to provide helpful and constructive feedback whether the review is positive or negative","protected":false},"excerpt":{"rendered":"","protected":false},"author":1,"featured_media":0,"parent":0,"menu_order":0,"comment_status":"closed","ping_status":"closed","template":"","meta":{"pagelayer_contact_templates":[],"_pagelayer_content":"","_monsterinsights_skip_tracking":false,"_monsterinsights_sitenote_active":false,"_monsterinsights_sitenote_note":"","_monsterinsights_sitenote_category":0,"footnotes":""},"class_list":["post-1013","page","type-page","status-publish","hentry"],"amp_enabled":true,"_links":{"self":[{"href":"https:\/\/atlanticoer-relatlantique.ca\/fr\/wp-json\/wp\/v2\/pages\/1013","targetHints":{"allow":["GET"]}}],"collection":[{"href":"https:\/\/atlanticoer-relatlantique.ca\/fr\/wp-json\/wp\/v2\/pages"}],"about":[{"href":"https:\/\/atlanticoer-relatlantique.ca\/fr\/wp-json\/wp\/v2\/types\/page"}],"author":[{"embeddable":true,"href":"https:\/\/atlanticoer-relatlantique.ca\/fr\/wp-json\/wp\/v2\/users\/1"}],"replies":[{"embeddable":true,"href":"https:\/\/atlanticoer-relatlantique.ca\/fr\/wp-json\/wp\/v2\/comments?post=1013"}],"version-history":[{"count":0,"href":"https:\/\/atlanticoer-relatlantique.ca\/fr\/wp-json\/wp\/v2\/pages\/1013\/revisions"}],"wp:attachment":[{"href":"https:\/\/atlanticoer-relatlantique.ca\/fr\/wp-json\/wp\/v2\/media?parent=1013"}],"curies":[{"name":"wp","href":"https:\/\/api.w.org\/{rel}","templated":true}]}}