{"id":1071,"date":"2021-09-08T21:02:11","date_gmt":"2021-09-09T00:02:11","guid":{"rendered":"https:\/\/atlanticoer-relatlantique.ca\/?page_id=1071"},"modified":"2021-11-30T14:33:25","modified_gmt":"2021-11-30T18:33:25","slug":"reviews","status":"publish","type":"page","link":"https:\/\/atlanticoer-relatlantique.ca\/fr\/reviews\/","title":{"rendered":"\u00c9valuations par les pairs"},"content":{"rendered":"<h1>\u00c9valuations par les pairs<\/h1>\n\n\n<p style=\"text-align: center;\">(Bient\u00f4t disponible)<\/p>\n\n\nTitre du livre (Date de publication)\n\n\n\n\n\n\n<p><font face=\"Helvetica Neue, Helvetica, Arial, sans-serif\"><strong>Examinateur\u00a0:\u00a0 \u00a0 \u00a0Date\u00a0:&nbsp;<\/strong><\/font><\/p><p style=\"text-align: left;\"><span style=\"font-weight: bolder; font-family: &quot;Helvetica Neue&quot;, Helvetica, Arial, sans-serif;\">Institution:&nbsp;<\/span><span class=\"ml-3\" style=\"font-weight: bolder; font-family: &quot;Helvetica Neue&quot;, Helvetica, Arial, sans-serif; margin-left: 1rem !important;\">Titre\/Poste\u00a0:<\/span><br><\/p>\n\n\n\n\n\n\n<strong>Q : Le texte couvre tous les domaines et toutes les id\u00e9es du sujet de mani\u00e8re appropri\u00e9e et fournit un index et\/ou un glossaire efficace.<\/strong> <br><br><strong>Note d'exhaustivit\u00e9\u00a0:\u00a0\/5<\/strong><p><\/p>\n\n\n\n\n\n\n<b>Le contenu, y compris les diagrammes et autres documents suppl\u00e9mentaires, est pr\u00e9cis, exempt d'erreurs et impartial. <br><br>\u00c9valuation de la pr\u00e9cision du contenu\u00a0:\n\n\n\n\n\n\n<b>Le contenu est \u00e0 jour, mais pas d'une mani\u00e8re qui rendra rapidement le texte obsol\u00e8te dans un court laps de temps. Le texte est \u00e9crit et\/ou arrang\u00e9 de telle mani\u00e8re que les mises \u00e0 jour n\u00e9cessaires soient relativement faciles et directes \u00e0 mettre en \u0153uvre. <br><br>\u00c9valuation de la pertinence\u00a0: <\/b>\n\n\n\n\n\n\n<b>Le texte est \u00e9crit dans une prose lucide et accessible et fournit un contexte ad\u00e9quat pour tout jargon\/terminologie technique utilis\u00e9.<br><br>\u00c9valuation de la clart\u00e9\u00a0:<\/b>\n\n\n\n\n\n\n<b> Le texte est coh\u00e9rent en termes de terminologie et de cadre.<br><br>\u00c9valuation de la coh\u00e9rence\u00a0:<\/b>\n\n\n\n\n\n\n<b>Le texte est facilement et facilement divisible en sections de lecture plus petites qui peuvent \u00eatre attribu\u00e9es \u00e0 diff\u00e9rents points du cours (c'est-\u00e0-dire qu'il faut \u00e9viter d'\u00e9normes blocs de texte sans sous-titres). Le texte ne doit pas \u00eatre trop autor\u00e9f\u00e9rentiel et doit \u00eatre facilement r\u00e9organis\u00e9 et r\u00e9align\u00e9 avec les diff\u00e9rentes sous-unit\u00e9s d'un cours sans trop perturber le lecteur. <br><br>\n\u00c9valuation de la modularit\u00e9\u00a0:<\/b>\n\n\n\n\n\n\n<b>Q : Les sujets du texte sont pr\u00e9sent\u00e9s de mani\u00e8re logique et claire.<br><br>\u00c9valuation de l'organisation\u00a0:<\/b>\n\n\n\n\n\n\n<b>Le texte est exempt de probl\u00e8mes d'interface importants, y compris les probl\u00e8mes de navigation, la distorsion des images\/graphiques et toute autre fonctionnalit\u00e9 d'affichage pouvant distraire ou d\u00e9router le lecteur.<br><br>\u00c9valuation de l'interface\u00a0:<\/b>\n\n\n\n\n\n\n<b>Q : Le texte ne contient aucune erreur grammaticale.<br><br>\u00c9valuation grammaticale\u00a0:<\/b>\n\n\n\n\n\n\n<b>Le texte refl\u00e8te la diversit\u00e9 et l'inclusion concernant la culture, le sexe, l'origine ethnique, l'origine nationale, l'\u00e2ge, le handicap, l'orientation sexuelle, l'\u00e9ducation, la religion. Il n'inclut pas le langage insensible ou offensant dans ces domaines.<br><br>\u00c9valuation de la pertinence culturelle\u00a0:<\/b>\n\n\n\n\n\n\n<b>Q : Y a-t-il d'autres commentaires que vous aimeriez faire \u00e0 propos de ce livre, par exemple, sa pertinence dans un contexte canadien ou des mises \u00e0 jour sp\u00e9cifiques que vous pensez devoir \u00eatre faites ?<br><br>Score global: <\/b>","protected":false},"excerpt":{"rendered":"","protected":false},"author":1,"featured_media":0,"parent":0,"menu_order":0,"comment_status":"closed","ping_status":"closed","template":"","meta":{"pagelayer_contact_templates":[],"_pagelayer_content":"","_monsterinsights_skip_tracking":false,"_monsterinsights_sitenote_active":false,"_monsterinsights_sitenote_note":"","_monsterinsights_sitenote_category":0,"footnotes":""},"class_list":["post-1071","page","type-page","status-publish","hentry"],"amp_enabled":true,"_links":{"self":[{"href":"https:\/\/atlanticoer-relatlantique.ca\/fr\/wp-json\/wp\/v2\/pages\/1071","targetHints":{"allow":["GET"]}}],"collection":[{"href":"https:\/\/atlanticoer-relatlantique.ca\/fr\/wp-json\/wp\/v2\/pages"}],"about":[{"href":"https:\/\/atlanticoer-relatlantique.ca\/fr\/wp-json\/wp\/v2\/types\/page"}],"author":[{"embeddable":true,"href":"https:\/\/atlanticoer-relatlantique.ca\/fr\/wp-json\/wp\/v2\/users\/1"}],"replies":[{"embeddable":true,"href":"https:\/\/atlanticoer-relatlantique.ca\/fr\/wp-json\/wp\/v2\/comments?post=1071"}],"version-history":[{"count":0,"href":"https:\/\/atlanticoer-relatlantique.ca\/fr\/wp-json\/wp\/v2\/pages\/1071\/revisions"}],"wp:attachment":[{"href":"https:\/\/atlanticoer-relatlantique.ca\/fr\/wp-json\/wp\/v2\/media?parent=1071"}],"curies":[{"name":"wp","href":"https:\/\/api.w.org\/{rel}","templated":true}]}}