{"id":7,"date":"2020-11-18T19:43:42","date_gmt":"2020-11-18T23:43:42","guid":{"rendered":"http:\/\/atlanticoer-relatlantique.ca\/about\/"},"modified":"2026-01-14T13:19:32","modified_gmt":"2026-01-14T17:19:32","slug":"about","status":"publish","type":"page","link":"https:\/\/atlanticoer-relatlantique.ca\/fr\/about\/","title":{"rendered":"\u00c0 propos"},"content":{"rendered":"<h1>\u00c0 propos<\/h1>\n\n\n\n\n\nAtlanticOER is committed to supporting educators across the Atlantic region in developing free, online, accessible learning materials, including textbooks.\n\n\n\n\nAtlanticOER is a service that supports the hosting and creation of open educational resources by educators and students in the Atlantic provinces of Newfoundland and Labrador, New Brunswick, Nova Scotia, and Prince Edward Island. It is funded by the four provincial governments.\n\n\n\n\n\n\n<p>Initialement financ\u00e9 par le Conseil des biblioth\u00e8ques postsecondaires de l'Atlantique (CBPA), R\u00c9LAtlantique a \u00e9t\u00e9 cr\u00e9\u00e9 en tant que groupe de travail sur l\u2019enqu\u00eate sur les manuels scolaires ouverts en 2017-2018. En 2018-2019, un groupe de travail sur la feuille de route des manuels scolaires ouverts a \u00e9t\u00e9 form\u00e9, et ce travail s\u2019est poursuivi en 2020-2021 par le groupe de travail sur la mise en \u0153uvre du d\u00e9p\u00f4t des R\u00c9L. Enfin, en 2021, on a cr\u00e9\u00e9 le comit\u00e9 des R\u00c9L du CBPA, qui est devenu depuis le comit\u00e9 consultatif des R\u00c9L.<\/p><br><p>Le service R\u00c9LAtlantique a \u00e9t\u00e9 officiellement lanc\u00e9 le 9\u00a0f\u00e9vrier\u00a02021. En avril\u00a02024, R\u00c9LAtlantique a lanc\u00e9 un programme pilote de trois ans financ\u00e9 par les quatre provinces de l\u2019Atlantique. Ce projet pilote permettra l\u2019expansion du service R\u00c9LAtlantique.<\/p>\n\n\n\n\n\n\nAlexandra Marcaccio <br> Lead, R\u00c9LAtlantique <br> atlanticoerlead@caal-cbpa.ca\nCynthia Holt <br> Directrice g\u00e9n\u00e9rale, Conseil des biblioth\u00e8ques postsecondaires de l\u2019Atlantique (CAAL-CBPA) <br> execdir@caal-cbpa.ca\nGeneral Inquiries <br> oer@caal-cbpa.ca\n\n\n\n\n\n\nThe OER Advisory Committee focuses on advancing CAAL-CBPA\u2019s strategic goals in relation to open educational resources.  The OER Advisory Committee coordinates CAAL-CBPA-wide activities relating to open educational resources.  The OERAC identifies, analyzes, and facilitates OER innovations, strategies, and trends.  It proposes new OER initiatives to the CAAL-CBPA Executive Director as well as communicating with CAAL-CBPA member libraries regarding OER issues and developments.<br><br>Les membres du comit\u00e9 REL comprennent\u00a0:\n<p>Alexandra Marcaccio, Chair (responsable R\u00c9LAtlantique) \n<br>\nAndrea Stewart, Board Liaison (Nova Scotia Community College)<br>\nErin Alcock (Memorial University) <br>\nGeoffrey Brown (Dalhousie University)\n<br>\nJasmine Hoover (Cape Breton University)<br>\nLindsey MacCallum (Mount Saint Vincent University) <br>\nLynn MacGregor (Coll\u00e8ge communautaire de la Nouvelle-\u00c9cosse)<br>\nKeri McCaffrey (University of Prince Edward Island)<br>\nDan Phillips (Saint Mary&#8217;s University) <br>\nSamantha Read (St. Francis Xavier University) <br>\nG Saleski (StudentsNS)<br>\nAnn Smith (Acadia University)<br>\nVictoria Volkanova (Universite de Moncton)<br>Alida Zedel (MUN Students&#8217; Union\/Memorial University)<\/p>","protected":false},"excerpt":{"rendered":"","protected":false},"author":1,"featured_media":0,"parent":0,"menu_order":0,"comment_status":"closed","ping_status":"closed","template":"","meta":{"pagelayer_contact_templates":[],"_pagelayer_content":"","_monsterinsights_skip_tracking":false,"_monsterinsights_sitenote_active":false,"_monsterinsights_sitenote_note":"","_monsterinsights_sitenote_category":0,"footnotes":""},"class_list":["post-7","page","type-page","status-publish","hentry"],"amp_enabled":true,"_links":{"self":[{"href":"https:\/\/atlanticoer-relatlantique.ca\/fr\/wp-json\/wp\/v2\/pages\/7","targetHints":{"allow":["GET"]}}],"collection":[{"href":"https:\/\/atlanticoer-relatlantique.ca\/fr\/wp-json\/wp\/v2\/pages"}],"about":[{"href":"https:\/\/atlanticoer-relatlantique.ca\/fr\/wp-json\/wp\/v2\/types\/page"}],"author":[{"embeddable":true,"href":"https:\/\/atlanticoer-relatlantique.ca\/fr\/wp-json\/wp\/v2\/users\/1"}],"replies":[{"embeddable":true,"href":"https:\/\/atlanticoer-relatlantique.ca\/fr\/wp-json\/wp\/v2\/comments?post=7"}],"version-history":[{"count":0,"href":"https:\/\/atlanticoer-relatlantique.ca\/fr\/wp-json\/wp\/v2\/pages\/7\/revisions"}],"wp:attachment":[{"href":"https:\/\/atlanticoer-relatlantique.ca\/fr\/wp-json\/wp\/v2\/media?parent=7"}],"curies":[{"name":"wp","href":"https:\/\/api.w.org\/{rel}","templated":true}]}}